{"id":15728,"date":"2021-09-06T16:08:56","date_gmt":"2021-09-06T14:08:56","guid":{"rendered":"https:\/\/sportpaardenarts.nl\/winkel\/non%20class\u00e9\/ekyflex-arthro-evo\/"},"modified":"2025-07-21T15:38:16","modified_gmt":"2025-07-21T13:38:16","slug":"ekyflex-arthro-evo","status":"publish","type":"product","link":"https:\/\/sportpaardenarts.nl\/fr\/winkel\/produits-par-indication\/articulations\/ekyflex-arthro-evo\/","title":{"rendered":"Ekyflex Arthro EVO"},"content":{"rendered":"<p>L&rsquo;expertise v\u00e9t\u00e9rinaire d&rsquo;Audevard innove en int\u00e9grant la <strong>protection osseuse<\/strong> \u00e0 une formule chondroprotectrice concentr\u00e9e pour soutenir <strong>l&rsquo;articulation dans son ensemble<\/strong> et ainsi \u00e9largir les allures de votre cheval.<br \/>\nCette \u00e9volution est rendue possible par une nouvelle g\u00e9n\u00e9ration de l\u00e9gumes<br \/>\ningr\u00e9dients avec des \u00e9l\u00e9ments concentr\u00e9s et sp\u00e9cifiques de raisin, d&rsquo;avocat et de soja. La premi\u00e8re formule de chondroprotecteurs pour chevaux avec de la glucosamine d&rsquo;origine v\u00e9g\u00e9tale et des pr\u00e9curseurs non animaux du collag\u00e8ne.<\/p>\n<table>\n<tbody>\n<tr>\n<td><strong>INDICATIONS<\/strong><\/td>\n<td>\u25b8\u00a0Le soutien des articulations lors des entra\u00eenements intensifs<br \/>\n\u25b8\u00a0Triple protection\u00a0: protection osseuse, fluide articulaire, cartilage<\/td>\n<\/tr>\n<tr>\n<td><strong>COMPOSITION<\/strong><\/td>\n<td>\u25b8 Glucosamine<br \/>\n\u25b8 Hydrolysat de collag\u00e8ne marin<br \/>\n\u25b8 M\u00e9thylsulfonylm\u00e9thane (MSM)<br \/>\n\u25b8 Luzerne<br \/>\n\u25b8 Curcuma <em>(Curcuma longa)<\/em><br \/>\n\u25b8 Lithothamnion<br \/>\n\u25b8 Concentr\u00e9 de prot\u00e9ines de soja<br \/>\n\u25b8 Caroube<br \/>\n\u25b8 Coquilles d&rsquo;hu\u00eetres<br \/>\n\u25b8 M\u00e9lasse de betterave sucri\u00e8re<br \/>\n\u25b8 Sulfate de chondro\u00eftine marine<br \/>\n\u25b8 Poivre noir <em>(Piper nigrum)<\/em><br \/>\n\u25b8 Saveur pomme<\/td>\n<\/tr>\n<tr>\n<td><strong>USAGE<\/strong><\/td>\n<td>\u25b8\u00a0Administration orale<br \/>\n\u25b8 <em><span style=\"text-decoration: underline;\">Sportif:<\/span><\/em>\u00a01 mesure par jour pendant 2 mois, 3 fois par an<br \/>\n\u25b8\u00a0<em><span style=\"text-decoration: underline;\">Besoins intensifs (l\u00e9sions articulaires):<\/span><\/em> 1 \u00e0 2 mesures par jour, pendant 4 \u00e0 6 mois<br \/>\n\u25b8\u00a0<em><span style=\"text-decoration: underline;\">Chevaux seniors:<\/span><\/em> 1 mesure par jour<br \/>\n\u25b8\u00a01 mesure = 30 g<\/td>\n<\/tr>\n<tr>\n<td><strong>CONSEILS DE SPORTPAARDENARTS.NL<\/strong><\/td>\n<td>\u25b8 Donner r\u00e9guli\u00e8rement Ekyflex Arthro EVO est un bon investissement pour la mobilit\u00e9 d&rsquo;un cheval tout au long de sa carri\u00e8re.<\/td>\n<\/tr>\n<tr>\n<td><strong>EMBALLAGE<\/strong><\/td>\n<td><span style=\"font-family: inherit; font-size: inherit;\">\u25b8 Seau de 900 g: pour 1 mois<br \/>\n\u25b8\u00a0Seau de 1,8 kg: pendant 2 mois<br \/>\n\u25b8 Seau de 4,5 kg: pendant 5 mois<br \/>\n<\/span><\/td>\n<\/tr>\n<\/tbody>\n<\/table>\n<p>&nbsp;<\/p>\n<p>&nbsp;<\/p>\n","protected":false},"excerpt":{"rendered":"<p>Est un compl\u00e9ment alimentaire pour les articulations de votre cheval. Ses nutriments sont s\u00e9lectionn\u00e9s pour r\u00e9pondre aux besoins \u00e0 court et \u00e0 long terme de l&rsquo;articulation.<\/p>\n","protected":false},"featured_media":15697,"comment_status":"open","ping_status":"closed","template":"","meta":{"_acf_changed":false},"product_brand":[],"product_cat":[1001,976,1307,1304],"product_tag":[],"class_list":{"0":"post-15728","1":"product","2":"type-product","3":"status-publish","4":"has-post-thumbnail","6":"product_cat-articulations","7":"product_cat-audevard-fr","8":"product_cat-glucosamine-fr","9":"product_cat-supplements-par-ingredient","11":"first","12":"instock","13":"sale","14":"taxable","15":"shipping-taxable","16":"purchasable","17":"product-type-variable"},"acf":[],"yoast_head":"<!-- This site is optimized with the Yoast SEO plugin v27.3 - https:\/\/yoast.com\/product\/yoast-seo-wordpress\/ -->\n<title>AUDEVARD Ekyflex Arthro EVO, l&#039;\u00e9volution de l&#039;accompagnement conjoint<\/title>\n<meta name=\"description\" content=\"Ekyflex Arthro EVO est un compl\u00e9ment alimentaire pour les articulations de votre cheval. Ses nutriments sont s\u00e9lectionn\u00e9s pour r\u00e9pondre aux besoins \u00e0 court et \u00e0 long terme de l&#039;articulation.\" \/>\n<meta name=\"robots\" content=\"index, follow, max-snippet:-1, max-image-preview:large, max-video-preview:-1\" \/>\n<link rel=\"canonical\" href=\"https:\/\/sportpaardenarts.nl\/fr\/winkel\/produits-par-indication\/articulations\/ekyflex-arthro-evo\/\" \/>\n<meta property=\"og:locale\" content=\"fr_FR\" \/>\n<meta property=\"og:type\" content=\"article\" \/>\n<meta property=\"og:title\" content=\"AUDEVARD Ekyflex Arthro EVO, l&#039;\u00e9volution de l&#039;accompagnement conjoint\" \/>\n<meta property=\"og:description\" content=\"Ekyflex Arthro EVO est un compl\u00e9ment alimentaire pour les articulations de votre cheval. Ses nutriments sont s\u00e9lectionn\u00e9s pour r\u00e9pondre aux besoins \u00e0 court et \u00e0 long terme de l&#039;articulation.\" \/>\n<meta property=\"og:url\" content=\"https:\/\/sportpaardenarts.nl\/fr\/winkel\/produits-par-indication\/articulations\/ekyflex-arthro-evo\/\" \/>\n<meta property=\"og:site_name\" content=\"Sportpaardenarts\" \/>\n<meta property=\"article:publisher\" content=\"https:\/\/www.facebook.com\/sportpaardenarts\/\" \/>\n<meta property=\"article:modified_time\" content=\"2025-07-21T13:38:16+00:00\" \/>\n<meta property=\"og:image\" content=\"https:\/\/sportpaardenarts.nl\/wp-content\/uploads\/2021\/09\/audevard-ekyflex-arthro-evo-900g.jpg\" \/>\n\t<meta property=\"og:image:width\" content=\"1076\" \/>\n\t<meta property=\"og:image:height\" content=\"1077\" \/>\n\t<meta property=\"og:image:type\" content=\"image\/jpeg\" \/>\n<meta name=\"twitter:card\" content=\"summary_large_image\" \/>\n<meta name=\"twitter:label1\" content=\"Dur\u00e9e de lecture estim\u00e9e\" \/>\n\t<meta name=\"twitter:data1\" content=\"2 minutes\" \/>\n<script type=\"application\/ld+json\" class=\"yoast-schema-graph\">{\"@context\":\"https:\\\/\\\/schema.org\",\"@graph\":[{\"@type\":\"WebPage\",\"@id\":\"https:\\\/\\\/sportpaardenarts.nl\\\/fr\\\/winkel\\\/produits-par-indication\\\/articulations\\\/ekyflex-arthro-evo\\\/\",\"url\":\"https:\\\/\\\/sportpaardenarts.nl\\\/fr\\\/winkel\\\/produits-par-indication\\\/articulations\\\/ekyflex-arthro-evo\\\/\",\"name\":\"AUDEVARD Ekyflex Arthro EVO, l'\u00e9volution de l'accompagnement conjoint\",\"isPartOf\":{\"@id\":\"https:\\\/\\\/sportpaardenarts.nl\\\/fr\\\/#website\"},\"primaryImageOfPage\":{\"@id\":\"https:\\\/\\\/sportpaardenarts.nl\\\/fr\\\/winkel\\\/produits-par-indication\\\/articulations\\\/ekyflex-arthro-evo\\\/#primaryimage\"},\"image\":{\"@id\":\"https:\\\/\\\/sportpaardenarts.nl\\\/fr\\\/winkel\\\/produits-par-indication\\\/articulations\\\/ekyflex-arthro-evo\\\/#primaryimage\"},\"thumbnailUrl\":\"https:\\\/\\\/sportpaardenarts.nl\\\/wp-content\\\/uploads\\\/2021\\\/09\\\/audevard-ekyflex-arthro-evo-900g.jpg\",\"datePublished\":\"2021-09-06T14:08:56+00:00\",\"dateModified\":\"2025-07-21T13:38:16+00:00\",\"description\":\"Ekyflex Arthro EVO est un compl\u00e9ment alimentaire pour les articulations de votre cheval. Ses nutriments sont s\u00e9lectionn\u00e9s pour r\u00e9pondre aux besoins \u00e0 court et \u00e0 long terme de l'articulation.\",\"breadcrumb\":{\"@id\":\"https:\\\/\\\/sportpaardenarts.nl\\\/fr\\\/winkel\\\/produits-par-indication\\\/articulations\\\/ekyflex-arthro-evo\\\/#breadcrumb\"},\"inLanguage\":\"fr-FR\",\"potentialAction\":[{\"@type\":\"ReadAction\",\"target\":[\"https:\\\/\\\/sportpaardenarts.nl\\\/fr\\\/winkel\\\/produits-par-indication\\\/articulations\\\/ekyflex-arthro-evo\\\/\"]}]},{\"@type\":\"ImageObject\",\"inLanguage\":\"fr-FR\",\"@id\":\"https:\\\/\\\/sportpaardenarts.nl\\\/fr\\\/winkel\\\/produits-par-indication\\\/articulations\\\/ekyflex-arthro-evo\\\/#primaryimage\",\"url\":\"https:\\\/\\\/sportpaardenarts.nl\\\/wp-content\\\/uploads\\\/2021\\\/09\\\/audevard-ekyflex-arthro-evo-900g.jpg\",\"contentUrl\":\"https:\\\/\\\/sportpaardenarts.nl\\\/wp-content\\\/uploads\\\/2021\\\/09\\\/audevard-ekyflex-arthro-evo-900g.jpg\",\"width\":1076,\"height\":1077},{\"@type\":\"BreadcrumbList\",\"@id\":\"https:\\\/\\\/sportpaardenarts.nl\\\/fr\\\/winkel\\\/produits-par-indication\\\/articulations\\\/ekyflex-arthro-evo\\\/#breadcrumb\",\"itemListElement\":[{\"@type\":\"ListItem\",\"position\":1,\"name\":\"Home\",\"item\":\"https:\\\/\\\/sportpaardenarts.nl\\\/fr\\\/\"},{\"@type\":\"ListItem\",\"position\":2,\"name\":\"Shop\",\"item\":\"https:\\\/\\\/sportpaardenarts.nl\\\/fr\\\/shop\\\/\"},{\"@type\":\"ListItem\",\"position\":3,\"name\":\"Ekyflex Arthro EVO\"}]},{\"@type\":\"WebSite\",\"@id\":\"https:\\\/\\\/sportpaardenarts.nl\\\/fr\\\/#website\",\"url\":\"https:\\\/\\\/sportpaardenarts.nl\\\/fr\\\/\",\"name\":\"Sportpaardenarts\",\"description\":\"Wij verbeteren de prestatie van uw paard\",\"publisher\":{\"@id\":\"https:\\\/\\\/sportpaardenarts.nl\\\/fr\\\/#organization\"},\"potentialAction\":[{\"@type\":\"SearchAction\",\"target\":{\"@type\":\"EntryPoint\",\"urlTemplate\":\"https:\\\/\\\/sportpaardenarts.nl\\\/fr\\\/?s={search_term_string}\"},\"query-input\":{\"@type\":\"PropertyValueSpecification\",\"valueRequired\":true,\"valueName\":\"search_term_string\"}}],\"inLanguage\":\"fr-FR\"},{\"@type\":\"Organization\",\"@id\":\"https:\\\/\\\/sportpaardenarts.nl\\\/fr\\\/#organization\",\"name\":\"Sportpaardenarts\",\"url\":\"https:\\\/\\\/sportpaardenarts.nl\\\/fr\\\/\",\"logo\":{\"@type\":\"ImageObject\",\"inLanguage\":\"fr-FR\",\"@id\":\"https:\\\/\\\/sportpaardenarts.nl\\\/fr\\\/#\\\/schema\\\/logo\\\/image\\\/\",\"url\":\"https:\\\/\\\/sportpaardenarts.nl\\\/wp-content\\\/uploads\\\/2019\\\/08\\\/sportpaardenarts-logo.png\",\"contentUrl\":\"https:\\\/\\\/sportpaardenarts.nl\\\/wp-content\\\/uploads\\\/2019\\\/08\\\/sportpaardenarts-logo.png\",\"width\":245,\"height\":161,\"caption\":\"Sportpaardenarts\"},\"image\":{\"@id\":\"https:\\\/\\\/sportpaardenarts.nl\\\/fr\\\/#\\\/schema\\\/logo\\\/image\\\/\"},\"sameAs\":[\"https:\\\/\\\/www.facebook.com\\\/sportpaardenarts\\\/\"]}]}<\/script>\n<!-- \/ Yoast SEO plugin. -->","yoast_head_json":{"title":"AUDEVARD Ekyflex Arthro EVO, l'\u00e9volution de l'accompagnement conjoint","description":"Ekyflex Arthro EVO est un compl\u00e9ment alimentaire pour les articulations de votre cheval. Ses nutriments sont s\u00e9lectionn\u00e9s pour r\u00e9pondre aux besoins \u00e0 court et \u00e0 long terme de l'articulation.","robots":{"index":"index","follow":"follow","max-snippet":"max-snippet:-1","max-image-preview":"max-image-preview:large","max-video-preview":"max-video-preview:-1"},"canonical":"https:\/\/sportpaardenarts.nl\/fr\/winkel\/produits-par-indication\/articulations\/ekyflex-arthro-evo\/","og_locale":"fr_FR","og_type":"article","og_title":"AUDEVARD Ekyflex Arthro EVO, l'\u00e9volution de l'accompagnement conjoint","og_description":"Ekyflex Arthro EVO est un compl\u00e9ment alimentaire pour les articulations de votre cheval. Ses nutriments sont s\u00e9lectionn\u00e9s pour r\u00e9pondre aux besoins \u00e0 court et \u00e0 long terme de l'articulation.","og_url":"https:\/\/sportpaardenarts.nl\/fr\/winkel\/produits-par-indication\/articulations\/ekyflex-arthro-evo\/","og_site_name":"Sportpaardenarts","article_publisher":"https:\/\/www.facebook.com\/sportpaardenarts\/","article_modified_time":"2025-07-21T13:38:16+00:00","og_image":[{"width":1076,"height":1077,"url":"https:\/\/sportpaardenarts.nl\/wp-content\/uploads\/2021\/09\/audevard-ekyflex-arthro-evo-900g.jpg","type":"image\/jpeg"}],"twitter_card":"summary_large_image","twitter_misc":{"Dur\u00e9e de lecture estim\u00e9e":"2 minutes"},"schema":{"@context":"https:\/\/schema.org","@graph":[{"@type":"WebPage","@id":"https:\/\/sportpaardenarts.nl\/fr\/winkel\/produits-par-indication\/articulations\/ekyflex-arthro-evo\/","url":"https:\/\/sportpaardenarts.nl\/fr\/winkel\/produits-par-indication\/articulations\/ekyflex-arthro-evo\/","name":"AUDEVARD Ekyflex Arthro EVO, l'\u00e9volution de l'accompagnement conjoint","isPartOf":{"@id":"https:\/\/sportpaardenarts.nl\/fr\/#website"},"primaryImageOfPage":{"@id":"https:\/\/sportpaardenarts.nl\/fr\/winkel\/produits-par-indication\/articulations\/ekyflex-arthro-evo\/#primaryimage"},"image":{"@id":"https:\/\/sportpaardenarts.nl\/fr\/winkel\/produits-par-indication\/articulations\/ekyflex-arthro-evo\/#primaryimage"},"thumbnailUrl":"https:\/\/sportpaardenarts.nl\/wp-content\/uploads\/2021\/09\/audevard-ekyflex-arthro-evo-900g.jpg","datePublished":"2021-09-06T14:08:56+00:00","dateModified":"2025-07-21T13:38:16+00:00","description":"Ekyflex Arthro EVO est un compl\u00e9ment alimentaire pour les articulations de votre cheval. Ses nutriments sont s\u00e9lectionn\u00e9s pour r\u00e9pondre aux besoins \u00e0 court et \u00e0 long terme de l'articulation.","breadcrumb":{"@id":"https:\/\/sportpaardenarts.nl\/fr\/winkel\/produits-par-indication\/articulations\/ekyflex-arthro-evo\/#breadcrumb"},"inLanguage":"fr-FR","potentialAction":[{"@type":"ReadAction","target":["https:\/\/sportpaardenarts.nl\/fr\/winkel\/produits-par-indication\/articulations\/ekyflex-arthro-evo\/"]}]},{"@type":"ImageObject","inLanguage":"fr-FR","@id":"https:\/\/sportpaardenarts.nl\/fr\/winkel\/produits-par-indication\/articulations\/ekyflex-arthro-evo\/#primaryimage","url":"https:\/\/sportpaardenarts.nl\/wp-content\/uploads\/2021\/09\/audevard-ekyflex-arthro-evo-900g.jpg","contentUrl":"https:\/\/sportpaardenarts.nl\/wp-content\/uploads\/2021\/09\/audevard-ekyflex-arthro-evo-900g.jpg","width":1076,"height":1077},{"@type":"BreadcrumbList","@id":"https:\/\/sportpaardenarts.nl\/fr\/winkel\/produits-par-indication\/articulations\/ekyflex-arthro-evo\/#breadcrumb","itemListElement":[{"@type":"ListItem","position":1,"name":"Home","item":"https:\/\/sportpaardenarts.nl\/fr\/"},{"@type":"ListItem","position":2,"name":"Shop","item":"https:\/\/sportpaardenarts.nl\/fr\/shop\/"},{"@type":"ListItem","position":3,"name":"Ekyflex Arthro EVO"}]},{"@type":"WebSite","@id":"https:\/\/sportpaardenarts.nl\/fr\/#website","url":"https:\/\/sportpaardenarts.nl\/fr\/","name":"Sportpaardenarts","description":"Wij verbeteren de prestatie van uw paard","publisher":{"@id":"https:\/\/sportpaardenarts.nl\/fr\/#organization"},"potentialAction":[{"@type":"SearchAction","target":{"@type":"EntryPoint","urlTemplate":"https:\/\/sportpaardenarts.nl\/fr\/?s={search_term_string}"},"query-input":{"@type":"PropertyValueSpecification","valueRequired":true,"valueName":"search_term_string"}}],"inLanguage":"fr-FR"},{"@type":"Organization","@id":"https:\/\/sportpaardenarts.nl\/fr\/#organization","name":"Sportpaardenarts","url":"https:\/\/sportpaardenarts.nl\/fr\/","logo":{"@type":"ImageObject","inLanguage":"fr-FR","@id":"https:\/\/sportpaardenarts.nl\/fr\/#\/schema\/logo\/image\/","url":"https:\/\/sportpaardenarts.nl\/wp-content\/uploads\/2019\/08\/sportpaardenarts-logo.png","contentUrl":"https:\/\/sportpaardenarts.nl\/wp-content\/uploads\/2019\/08\/sportpaardenarts-logo.png","width":245,"height":161,"caption":"Sportpaardenarts"},"image":{"@id":"https:\/\/sportpaardenarts.nl\/fr\/#\/schema\/logo\/image\/"},"sameAs":["https:\/\/www.facebook.com\/sportpaardenarts\/"]}]}},"tiered_pricing_type":"fixed","tiered_pricing_fixed_rules":[],"tiered_pricing_product_settings":{"layout":"default","base_unit_name":{"singular":null,"plural":null},"default_variation":null},"tiered_pricing_minimum_quantity":null,"tiered_pricing_roles_data":[],"tiered_pricing_percentage_rules":[],"_links":{"self":[{"href":"https:\/\/sportpaardenarts.nl\/fr\/wp-json\/wp\/v2\/product\/15728","targetHints":{"allow":["GET"]}}],"collection":[{"href":"https:\/\/sportpaardenarts.nl\/fr\/wp-json\/wp\/v2\/product"}],"about":[{"href":"https:\/\/sportpaardenarts.nl\/fr\/wp-json\/wp\/v2\/types\/product"}],"replies":[{"embeddable":true,"href":"https:\/\/sportpaardenarts.nl\/fr\/wp-json\/wp\/v2\/comments?post=15728"}],"wp:featuredmedia":[{"embeddable":true,"href":"https:\/\/sportpaardenarts.nl\/fr\/wp-json\/wp\/v2\/media\/15697"}],"wp:attachment":[{"href":"https:\/\/sportpaardenarts.nl\/fr\/wp-json\/wp\/v2\/media?parent=15728"}],"wp:term":[{"taxonomy":"product_brand","embeddable":true,"href":"https:\/\/sportpaardenarts.nl\/fr\/wp-json\/wp\/v2\/product_brand?post=15728"},{"taxonomy":"product_cat","embeddable":true,"href":"https:\/\/sportpaardenarts.nl\/fr\/wp-json\/wp\/v2\/product_cat?post=15728"},{"taxonomy":"product_tag","embeddable":true,"href":"https:\/\/sportpaardenarts.nl\/fr\/wp-json\/wp\/v2\/product_tag?post=15728"}],"curies":[{"name":"wp","href":"https:\/\/api.w.org\/{rel}","templated":true}]}}