{"id":16725,"date":"2019-08-21T10:43:17","date_gmt":"2019-08-21T10:43:17","guid":{"rendered":"https:\/\/sportpaardenarts.nl\/winkel\/non%20class\u00e9\/protect-plus\/"},"modified":"2024-09-06T16:49:04","modified_gmt":"2024-09-06T14:49:04","slug":"protect-plus","status":"publish","type":"product","link":"https:\/\/sportpaardenarts.nl\/fr\/winkel\/produits-par-indication\/muscles\/protect-plus\/","title":{"rendered":"Protect Plus"},"content":{"rendered":"<p><main>Un m\u00e9lange \u00e9quilibr\u00e9 de vitamines antioxydantes (C, E et -carot\u00e8ne), de L-carnitine, de pr\u00e9curseurs du glutathion et d&rsquo;autres vitamines et min\u00e9raux essentiels. Pour restaurer l&rsquo;\u00e9quilibre oxydatif. <strong>Protection musculaire<\/strong> am\u00e9lior\u00e9e. Am\u00e9liorer <strong>la r\u00e9cup\u00e9ration<\/strong>.<\/main><\/p>\n<table>\n<tbody>\n<tr>\n<td><strong>INDICATIONS<\/strong><\/td>\n<td>\u25b8\u00a0Augmente la protection musculaire.<br \/>\n\u25b8 R\u00e9tablir l&rsquo;\u00e9quilibre oxydatif entre antioxydants et radicaux libres, contr\u00f4ler significativement le stress oxydant.<br \/>\n\u25b8\u00a0Pour les chevaux en p\u00e9riode d&rsquo;entra\u00eenement intense.<br \/>\n\u25b8\u00a0Derni\u00e8re pr\u00e9paration pour chevaux de comp\u00e9tition.<br \/>\n\u25b8\u00a0Pr\u00e9paration aux comp\u00e9titions FEI<br \/>\n\u25b8\u00a0Pour un comportement sexuel \u00e9quilibr\u00e9.<br \/>\n\u25b8\u00a0Aide \u00e0 la fertilit\u00e9.<\/td>\n<\/tr>\n<tr>\n<td><strong>COMPOSITION<\/strong><\/td>\n<td>\u25b8 B-carot\u00e8ne<br \/>\n\u25b8 Vitamine E<br \/>\n\u25b8 Vitamine B1 (thiamine)<br \/>\n\u25b8 Vitamine B6<br \/>\n\u25b8 Vitamine B12<br \/>\n\u25b8 Vitamine C (acide ascorbique)<br \/>\n\u25b8 L-carnitine<br \/>\n\u25b8 Biotine<br \/>\n\u25b8 Zinc<br \/>\n\u25b8 S\u00e9l\u00e9nium<br \/>\n\u25b8 Sodium<br \/>\n\u25b8 L-leucine<br \/>\n\u25b8 Magn\u00e9sium<\/td>\n<\/tr>\n<tr>\n<td><strong>USAGE<\/strong><\/td>\n<td>\u25b8\u00a0M\u00e9langer un sachet par jour pendant au moins 10 jours dans la ration alimentaire normale.<\/td>\n<\/tr>\n<tr>\n<td><strong>EMBALLAGE<\/strong><\/td>\n<td>\u25b8 Carton de 10 sachets: pour 10 jours<\/td>\n<\/tr>\n<\/tbody>\n<\/table>\n<p>&nbsp;<\/p>\n<p>&nbsp;<\/p>\n","protected":false},"excerpt":{"rendered":"<p>Pour restaurer l&rsquo;\u00e9quilibre oxydatif. Protection musculaire am\u00e9lior\u00e9e. Am\u00e9liorer la r\u00e9cup\u00e9ration.<\/p>\n","protected":false},"featured_media":16727,"comment_status":"open","ping_status":"closed","template":"","meta":{"_acf_changed":false},"product_brand":[],"product_cat":[1308,1007,1304,982],"product_tag":[],"class_list":{"0":"post-16725","1":"product","2":"type-product","3":"status-publish","4":"has-post-thumbnail","6":"product_cat-magnesium-fr","7":"product_cat-muscles","8":"product_cat-supplements-par-ingredient","9":"product_cat-twydil-fr","11":"first","12":"outofstock","13":"taxable","14":"shipping-taxable","15":"purchasable","16":"product-type-simple"},"acf":[],"yoast_head":"<!-- This site is optimized with the Yoast SEO plugin v27.5 - https:\/\/yoast.com\/product\/yoast-seo-wordpress\/ -->\n<title>Twydil Protect Plus, un compl\u00e9ment pour un effort doux et tonique.<\/title>\n<meta name=\"description\" content=\"Twydil Protect Plus, pour restaurer l&#039;\u00e9quilibre oxydatif, am\u00e9liorer la protection musculaire, am\u00e9liorer la r\u00e9cup\u00e9ration.\" \/>\n<meta name=\"robots\" content=\"index, follow, max-snippet:-1, max-image-preview:large, max-video-preview:-1\" \/>\n<link rel=\"canonical\" href=\"https:\/\/sportpaardenarts.nl\/fr\/winkel\/produits-par-indication\/muscles\/protect-plus\/\" \/>\n<meta property=\"og:locale\" content=\"fr_FR\" \/>\n<meta property=\"og:type\" content=\"article\" \/>\n<meta property=\"og:title\" content=\"Twydil Protect Plus, un compl\u00e9ment pour un effort doux et tonique.\" \/>\n<meta property=\"og:description\" content=\"Twydil Protect Plus, pour restaurer l&#039;\u00e9quilibre oxydatif, am\u00e9liorer la protection musculaire, am\u00e9liorer la r\u00e9cup\u00e9ration.\" \/>\n<meta property=\"og:url\" content=\"https:\/\/sportpaardenarts.nl\/fr\/winkel\/produits-par-indication\/muscles\/protect-plus\/\" \/>\n<meta property=\"og:site_name\" content=\"Sportpaardenarts\" \/>\n<meta property=\"article:publisher\" content=\"https:\/\/www.facebook.com\/sportpaardenarts\/\" \/>\n<meta property=\"article:modified_time\" content=\"2024-09-06T14:49:04+00:00\" \/>\n<meta property=\"og:image\" content=\"https:\/\/sportpaardenarts.nl\/wp-content\/uploads\/2019\/08\/twydil-protect-plus.jpeg\" \/>\n\t<meta property=\"og:image:width\" content=\"1024\" \/>\n\t<meta property=\"og:image:height\" content=\"1024\" \/>\n\t<meta property=\"og:image:type\" content=\"image\/jpeg\" \/>\n<meta name=\"twitter:card\" content=\"summary_large_image\" \/>\n<meta name=\"twitter:label1\" content=\"Dur\u00e9e de lecture estim\u00e9e\" \/>\n\t<meta name=\"twitter:data1\" content=\"1 minute\" \/>\n<script type=\"application\/ld+json\" class=\"yoast-schema-graph\">{\"@context\":\"https:\\\/\\\/schema.org\",\"@graph\":[{\"@type\":\"WebPage\",\"@id\":\"https:\\\/\\\/sportpaardenarts.nl\\\/fr\\\/winkel\\\/produits-par-indication\\\/muscles\\\/protect-plus\\\/\",\"url\":\"https:\\\/\\\/sportpaardenarts.nl\\\/fr\\\/winkel\\\/produits-par-indication\\\/muscles\\\/protect-plus\\\/\",\"name\":\"Twydil Protect Plus, un compl\u00e9ment pour un effort doux et tonique.\",\"isPartOf\":{\"@id\":\"https:\\\/\\\/sportpaardenarts.nl\\\/fr\\\/#website\"},\"primaryImageOfPage\":{\"@id\":\"https:\\\/\\\/sportpaardenarts.nl\\\/fr\\\/winkel\\\/produits-par-indication\\\/muscles\\\/protect-plus\\\/#primaryimage\"},\"image\":{\"@id\":\"https:\\\/\\\/sportpaardenarts.nl\\\/fr\\\/winkel\\\/produits-par-indication\\\/muscles\\\/protect-plus\\\/#primaryimage\"},\"thumbnailUrl\":\"https:\\\/\\\/sportpaardenarts.nl\\\/wp-content\\\/uploads\\\/2019\\\/08\\\/twydil-protect-plus.jpeg\",\"datePublished\":\"2019-08-21T10:43:17+00:00\",\"dateModified\":\"2024-09-06T14:49:04+00:00\",\"description\":\"Twydil Protect Plus, pour restaurer l'\u00e9quilibre oxydatif, am\u00e9liorer la protection musculaire, am\u00e9liorer la r\u00e9cup\u00e9ration.\",\"breadcrumb\":{\"@id\":\"https:\\\/\\\/sportpaardenarts.nl\\\/fr\\\/winkel\\\/produits-par-indication\\\/muscles\\\/protect-plus\\\/#breadcrumb\"},\"inLanguage\":\"fr-FR\",\"potentialAction\":[{\"@type\":\"ReadAction\",\"target\":[\"https:\\\/\\\/sportpaardenarts.nl\\\/fr\\\/winkel\\\/produits-par-indication\\\/muscles\\\/protect-plus\\\/\"]}]},{\"@type\":\"ImageObject\",\"inLanguage\":\"fr-FR\",\"@id\":\"https:\\\/\\\/sportpaardenarts.nl\\\/fr\\\/winkel\\\/produits-par-indication\\\/muscles\\\/protect-plus\\\/#primaryimage\",\"url\":\"https:\\\/\\\/sportpaardenarts.nl\\\/wp-content\\\/uploads\\\/2019\\\/08\\\/twydil-protect-plus.jpeg\",\"contentUrl\":\"https:\\\/\\\/sportpaardenarts.nl\\\/wp-content\\\/uploads\\\/2019\\\/08\\\/twydil-protect-plus.jpeg\",\"width\":1024,\"height\":1024},{\"@type\":\"BreadcrumbList\",\"@id\":\"https:\\\/\\\/sportpaardenarts.nl\\\/fr\\\/winkel\\\/produits-par-indication\\\/muscles\\\/protect-plus\\\/#breadcrumb\",\"itemListElement\":[{\"@type\":\"ListItem\",\"position\":1,\"name\":\"Home\",\"item\":\"https:\\\/\\\/sportpaardenarts.nl\\\/fr\\\/\"},{\"@type\":\"ListItem\",\"position\":2,\"name\":\"Shop\",\"item\":\"https:\\\/\\\/sportpaardenarts.nl\\\/fr\\\/shop\\\/\"},{\"@type\":\"ListItem\",\"position\":3,\"name\":\"Protect Plus\"}]},{\"@type\":\"WebSite\",\"@id\":\"https:\\\/\\\/sportpaardenarts.nl\\\/fr\\\/#website\",\"url\":\"https:\\\/\\\/sportpaardenarts.nl\\\/fr\\\/\",\"name\":\"Sportpaardenarts\",\"description\":\"Wij verbeteren de prestatie van uw paard\",\"publisher\":{\"@id\":\"https:\\\/\\\/sportpaardenarts.nl\\\/fr\\\/#organization\"},\"potentialAction\":[{\"@type\":\"SearchAction\",\"target\":{\"@type\":\"EntryPoint\",\"urlTemplate\":\"https:\\\/\\\/sportpaardenarts.nl\\\/fr\\\/?s={search_term_string}\"},\"query-input\":{\"@type\":\"PropertyValueSpecification\",\"valueRequired\":true,\"valueName\":\"search_term_string\"}}],\"inLanguage\":\"fr-FR\"},{\"@type\":\"Organization\",\"@id\":\"https:\\\/\\\/sportpaardenarts.nl\\\/fr\\\/#organization\",\"name\":\"Sportpaardenarts\",\"url\":\"https:\\\/\\\/sportpaardenarts.nl\\\/fr\\\/\",\"logo\":{\"@type\":\"ImageObject\",\"inLanguage\":\"fr-FR\",\"@id\":\"https:\\\/\\\/sportpaardenarts.nl\\\/fr\\\/#\\\/schema\\\/logo\\\/image\\\/\",\"url\":\"https:\\\/\\\/sportpaardenarts.nl\\\/wp-content\\\/uploads\\\/2019\\\/08\\\/sportpaardenarts-logo.png\",\"contentUrl\":\"https:\\\/\\\/sportpaardenarts.nl\\\/wp-content\\\/uploads\\\/2019\\\/08\\\/sportpaardenarts-logo.png\",\"width\":245,\"height\":161,\"caption\":\"Sportpaardenarts\"},\"image\":{\"@id\":\"https:\\\/\\\/sportpaardenarts.nl\\\/fr\\\/#\\\/schema\\\/logo\\\/image\\\/\"},\"sameAs\":[\"https:\\\/\\\/www.facebook.com\\\/sportpaardenarts\\\/\"]}]}<\/script>\n<!-- \/ Yoast SEO plugin. -->","yoast_head_json":{"title":"Twydil Protect Plus, un compl\u00e9ment pour un effort doux et tonique.","description":"Twydil Protect Plus, pour restaurer l'\u00e9quilibre oxydatif, am\u00e9liorer la protection musculaire, am\u00e9liorer la r\u00e9cup\u00e9ration.","robots":{"index":"index","follow":"follow","max-snippet":"max-snippet:-1","max-image-preview":"max-image-preview:large","max-video-preview":"max-video-preview:-1"},"canonical":"https:\/\/sportpaardenarts.nl\/fr\/winkel\/produits-par-indication\/muscles\/protect-plus\/","og_locale":"fr_FR","og_type":"article","og_title":"Twydil Protect Plus, un compl\u00e9ment pour un effort doux et tonique.","og_description":"Twydil Protect Plus, pour restaurer l'\u00e9quilibre oxydatif, am\u00e9liorer la protection musculaire, am\u00e9liorer la r\u00e9cup\u00e9ration.","og_url":"https:\/\/sportpaardenarts.nl\/fr\/winkel\/produits-par-indication\/muscles\/protect-plus\/","og_site_name":"Sportpaardenarts","article_publisher":"https:\/\/www.facebook.com\/sportpaardenarts\/","article_modified_time":"2024-09-06T14:49:04+00:00","og_image":[{"width":1024,"height":1024,"url":"https:\/\/sportpaardenarts.nl\/wp-content\/uploads\/2019\/08\/twydil-protect-plus.jpeg","type":"image\/jpeg"}],"twitter_card":"summary_large_image","twitter_misc":{"Dur\u00e9e de lecture estim\u00e9e":"1 minute"},"schema":{"@context":"https:\/\/schema.org","@graph":[{"@type":"WebPage","@id":"https:\/\/sportpaardenarts.nl\/fr\/winkel\/produits-par-indication\/muscles\/protect-plus\/","url":"https:\/\/sportpaardenarts.nl\/fr\/winkel\/produits-par-indication\/muscles\/protect-plus\/","name":"Twydil Protect Plus, un compl\u00e9ment pour un effort doux et tonique.","isPartOf":{"@id":"https:\/\/sportpaardenarts.nl\/fr\/#website"},"primaryImageOfPage":{"@id":"https:\/\/sportpaardenarts.nl\/fr\/winkel\/produits-par-indication\/muscles\/protect-plus\/#primaryimage"},"image":{"@id":"https:\/\/sportpaardenarts.nl\/fr\/winkel\/produits-par-indication\/muscles\/protect-plus\/#primaryimage"},"thumbnailUrl":"https:\/\/sportpaardenarts.nl\/wp-content\/uploads\/2019\/08\/twydil-protect-plus.jpeg","datePublished":"2019-08-21T10:43:17+00:00","dateModified":"2024-09-06T14:49:04+00:00","description":"Twydil Protect Plus, pour restaurer l'\u00e9quilibre oxydatif, am\u00e9liorer la protection musculaire, am\u00e9liorer la r\u00e9cup\u00e9ration.","breadcrumb":{"@id":"https:\/\/sportpaardenarts.nl\/fr\/winkel\/produits-par-indication\/muscles\/protect-plus\/#breadcrumb"},"inLanguage":"fr-FR","potentialAction":[{"@type":"ReadAction","target":["https:\/\/sportpaardenarts.nl\/fr\/winkel\/produits-par-indication\/muscles\/protect-plus\/"]}]},{"@type":"ImageObject","inLanguage":"fr-FR","@id":"https:\/\/sportpaardenarts.nl\/fr\/winkel\/produits-par-indication\/muscles\/protect-plus\/#primaryimage","url":"https:\/\/sportpaardenarts.nl\/wp-content\/uploads\/2019\/08\/twydil-protect-plus.jpeg","contentUrl":"https:\/\/sportpaardenarts.nl\/wp-content\/uploads\/2019\/08\/twydil-protect-plus.jpeg","width":1024,"height":1024},{"@type":"BreadcrumbList","@id":"https:\/\/sportpaardenarts.nl\/fr\/winkel\/produits-par-indication\/muscles\/protect-plus\/#breadcrumb","itemListElement":[{"@type":"ListItem","position":1,"name":"Home","item":"https:\/\/sportpaardenarts.nl\/fr\/"},{"@type":"ListItem","position":2,"name":"Shop","item":"https:\/\/sportpaardenarts.nl\/fr\/shop\/"},{"@type":"ListItem","position":3,"name":"Protect Plus"}]},{"@type":"WebSite","@id":"https:\/\/sportpaardenarts.nl\/fr\/#website","url":"https:\/\/sportpaardenarts.nl\/fr\/","name":"Sportpaardenarts","description":"Wij verbeteren de prestatie van uw paard","publisher":{"@id":"https:\/\/sportpaardenarts.nl\/fr\/#organization"},"potentialAction":[{"@type":"SearchAction","target":{"@type":"EntryPoint","urlTemplate":"https:\/\/sportpaardenarts.nl\/fr\/?s={search_term_string}"},"query-input":{"@type":"PropertyValueSpecification","valueRequired":true,"valueName":"search_term_string"}}],"inLanguage":"fr-FR"},{"@type":"Organization","@id":"https:\/\/sportpaardenarts.nl\/fr\/#organization","name":"Sportpaardenarts","url":"https:\/\/sportpaardenarts.nl\/fr\/","logo":{"@type":"ImageObject","inLanguage":"fr-FR","@id":"https:\/\/sportpaardenarts.nl\/fr\/#\/schema\/logo\/image\/","url":"https:\/\/sportpaardenarts.nl\/wp-content\/uploads\/2019\/08\/sportpaardenarts-logo.png","contentUrl":"https:\/\/sportpaardenarts.nl\/wp-content\/uploads\/2019\/08\/sportpaardenarts-logo.png","width":245,"height":161,"caption":"Sportpaardenarts"},"image":{"@id":"https:\/\/sportpaardenarts.nl\/fr\/#\/schema\/logo\/image\/"},"sameAs":["https:\/\/www.facebook.com\/sportpaardenarts\/"]}]}},"tiered_pricing_type":"fixed","tiered_pricing_fixed_rules":[],"tiered_pricing_product_settings":{"layout":"default","base_unit_name":{"singular":null,"plural":null},"default_variation":null},"tiered_pricing_minimum_quantity":null,"tiered_pricing_roles_data":[],"tiered_pricing_percentage_rules":[],"_links":{"self":[{"href":"https:\/\/sportpaardenarts.nl\/fr\/wp-json\/wp\/v2\/product\/16725","targetHints":{"allow":["GET"]}}],"collection":[{"href":"https:\/\/sportpaardenarts.nl\/fr\/wp-json\/wp\/v2\/product"}],"about":[{"href":"https:\/\/sportpaardenarts.nl\/fr\/wp-json\/wp\/v2\/types\/product"}],"replies":[{"embeddable":true,"href":"https:\/\/sportpaardenarts.nl\/fr\/wp-json\/wp\/v2\/comments?post=16725"}],"wp:featuredmedia":[{"embeddable":true,"href":"https:\/\/sportpaardenarts.nl\/fr\/wp-json\/wp\/v2\/media\/16727"}],"wp:attachment":[{"href":"https:\/\/sportpaardenarts.nl\/fr\/wp-json\/wp\/v2\/media?parent=16725"}],"wp:term":[{"taxonomy":"product_brand","embeddable":true,"href":"https:\/\/sportpaardenarts.nl\/fr\/wp-json\/wp\/v2\/product_brand?post=16725"},{"taxonomy":"product_cat","embeddable":true,"href":"https:\/\/sportpaardenarts.nl\/fr\/wp-json\/wp\/v2\/product_cat?post=16725"},{"taxonomy":"product_tag","embeddable":true,"href":"https:\/\/sportpaardenarts.nl\/fr\/wp-json\/wp\/v2\/product_tag?post=16725"}],"curies":[{"name":"wp","href":"https:\/\/api.w.org\/{rel}","templated":true}]}}