{"id":18610,"date":"2019-08-21T10:42:12","date_gmt":"2019-08-21T10:42:12","guid":{"rendered":"https:\/\/sportpaardenarts.nl\/winkel\/non%20class\u00e9\/silvaplex\/"},"modified":"2026-04-08T07:10:48","modified_gmt":"2026-04-08T05:10:48","slug":"silvaplex","status":"publish","type":"product","link":"https:\/\/sportpaardenarts.nl\/fr\/winkel\/pour-les-voies-respiratoires\/accessoires\/silvaplex\/","title":{"rendered":"SilvaPlex"},"content":{"rendered":"<p><strong>L&rsquo;argent<\/strong> ch\u00e9lat\u00e9 est consid\u00e9r\u00e9 comme un antibiotique naturel puissant et tue plus de 650 <strong>bact\u00e9ries, virus et champignons<\/strong> diff\u00e9rents. Il n&rsquo;a pas d&rsquo;effets secondaires et n&rsquo;interf\u00e8re pas avec d&rsquo;autres m\u00e9dicaments. Il est facilement absorb\u00e9 par le syst\u00e8me respiratoire du cheval.<\/p>\n<table>\n<tbody>\n<tr>\n<td><strong>INDICATIONS<\/strong><\/td>\n<td>\u25b8 Infections respiratoires caus\u00e9es par des bact\u00e9ries, des virus et des champignons<br \/>\n\u25b8 Inflammation des voies respiratoires<br \/>\n\u25b8 Saignement pulmonaire<br \/>\n\u25b8 Renforcement du syst\u00e8me immunitaire dans les voies respiratoires<\/td>\n<\/tr>\n<tr>\n<td><strong>COMPOSITION<\/strong><\/td>\n<td>\u25b8 Argent ch\u00e9lat\u00e9<\/td>\n<\/tr>\n<tr>\n<td><strong>USAGE<\/strong><\/td>\n<td>\u25b8 <strong><span style=\"text-decoration: underline;\">\u00c0 utiliser uniquement avec un n\u00e9buliseur<\/span><\/strong><br \/>\n\u25b8 <span style=\"text-decoration: underline;\">Traitement initial<\/span>: 10 ml, 2 fois par jour, pendant 7 jours<br \/>\n\u25b8 <span style=\"text-decoration: underline;\">Traitement d&rsquo;entretien<\/span>: 10 ml, 1 fois par jour, apr\u00e8s les 7 premiers jours<br \/>\n\u25b8 Prot\u00e9gez SilvaPlex de la lumi\u00e8re.<br \/>\n\u25b8 Se laver les mains apr\u00e8s utilisation.<\/td>\n<\/tr>\n<tr>\n<td><strong>CONSEILS DE SPORTPAARDENARTS.NL<\/strong><\/td>\n<td>\u25b8 SilvaPlex est un mat\u00e9riau inerte qui peut \u00eatre utilis\u00e9 en concomitance avec des agents th\u00e9rapeutiques.<br \/>\n\u25b8 Combinez SilvaPlex avec de l&rsquo;huile essentielle (<a href=\"https:\/\/sportpaardenarts.nl\/fr\/winkel\/produits-par-indication\/voies-respiratoires\/balsamic-air\/\">Balsamic Air<\/a> ou <a href=\"https:\/\/sportpaardenarts.nl\/fr\/winkel\/pour-les-voies-respiratoires\/accessoires\/myconal\/\">Myconal<\/a>)<\/td>\n<\/tr>\n<tr>\n<td><strong>EMBALLAGE<\/strong><\/td>\n<td>\u25b8 Natural Immune Support (100 ppm): Flacon de<span style=\"font-family: inherit; font-size: inherit;\">\u00a0236 ml ou 472 ml<br \/>\n\u25b8 Throat Spray (200 ppm): Flacon de 472 ml<\/span><\/td>\n<\/tr>\n<\/tbody>\n<\/table>\n<p>&nbsp;<\/p>\n<p>&nbsp;<\/p>\n","protected":false},"excerpt":{"rendered":"<p>Solution d&rsquo;argent ch\u00e9lat\u00e9 qui renforce naturellement le syst\u00e8me immunitaire et favorise la lutte contre les infections respiratoires.<\/p>\n","protected":false},"featured_media":51987,"comment_status":"open","ping_status":"closed","template":"","meta":{"_acf_changed":false},"product_brand":[],"product_cat":[966],"product_tag":[],"class_list":{"0":"post-18610","1":"product","2":"type-product","3":"status-publish","4":"has-post-thumbnail","6":"product_cat-accessoires","8":"first","9":"instock","10":"taxable","11":"shipping-taxable","12":"purchasable","13":"product-type-variable"},"acf":[],"yoast_head":"<!-- This site is optimized with the Yoast SEO plugin v27.5 - https:\/\/yoast.com\/product\/yoast-seo-wordpress\/ -->\n<title>SilvaPlex, argent contre les infections respiratoires chez les chevaux<\/title>\n<meta name=\"description\" content=\"SilvaPlex est une solution d&#039;argent ch\u00e9lat\u00e9 qui renforce naturellement le syst\u00e8me immunitaire et favorise la lutte contre les infections respiratoires chez les chevaux\" \/>\n<meta name=\"robots\" content=\"index, follow, max-snippet:-1, max-image-preview:large, max-video-preview:-1\" \/>\n<link rel=\"canonical\" href=\"https:\/\/sportpaardenarts.nl\/fr\/winkel\/pour-les-voies-respiratoires\/accessoires\/silvaplex\/\" \/>\n<meta property=\"og:locale\" content=\"fr_FR\" \/>\n<meta property=\"og:type\" content=\"article\" \/>\n<meta property=\"og:title\" content=\"SilvaPlex, argent contre les infections respiratoires chez les chevaux\" \/>\n<meta property=\"og:description\" content=\"SilvaPlex est une solution d&#039;argent ch\u00e9lat\u00e9 qui renforce naturellement le syst\u00e8me immunitaire et favorise la lutte contre les infections respiratoires chez les chevaux\" \/>\n<meta property=\"og:url\" content=\"https:\/\/sportpaardenarts.nl\/fr\/winkel\/pour-les-voies-respiratoires\/accessoires\/silvaplex\/\" \/>\n<meta property=\"og:site_name\" content=\"Sportpaardenarts\" \/>\n<meta property=\"article:publisher\" content=\"https:\/\/www.facebook.com\/sportpaardenarts\/\" \/>\n<meta property=\"article:modified_time\" content=\"2026-04-08T05:10:48+00:00\" \/>\n<meta property=\"og:image\" content=\"https:\/\/sportpaardenarts.nl\/wp-content\/uploads\/2019\/08\/silvaplex.jpg\" \/>\n\t<meta property=\"og:image:width\" content=\"800\" \/>\n\t<meta property=\"og:image:height\" content=\"800\" \/>\n\t<meta property=\"og:image:type\" content=\"image\/jpeg\" \/>\n<meta name=\"twitter:card\" content=\"summary_large_image\" \/>\n<meta name=\"twitter:label1\" content=\"Dur\u00e9e de lecture estim\u00e9e\" \/>\n\t<meta name=\"twitter:data1\" content=\"2 minutes\" \/>\n<script type=\"application\/ld+json\" class=\"yoast-schema-graph\">{\"@context\":\"https:\\\/\\\/schema.org\",\"@graph\":[{\"@type\":\"WebPage\",\"@id\":\"https:\\\/\\\/sportpaardenarts.nl\\\/fr\\\/winkel\\\/pour-les-voies-respiratoires\\\/accessoires\\\/silvaplex\\\/\",\"url\":\"https:\\\/\\\/sportpaardenarts.nl\\\/fr\\\/winkel\\\/pour-les-voies-respiratoires\\\/accessoires\\\/silvaplex\\\/\",\"name\":\"SilvaPlex, argent contre les infections respiratoires chez les chevaux\",\"isPartOf\":{\"@id\":\"https:\\\/\\\/sportpaardenarts.nl\\\/fr\\\/#website\"},\"primaryImageOfPage\":{\"@id\":\"https:\\\/\\\/sportpaardenarts.nl\\\/fr\\\/winkel\\\/pour-les-voies-respiratoires\\\/accessoires\\\/silvaplex\\\/#primaryimage\"},\"image\":{\"@id\":\"https:\\\/\\\/sportpaardenarts.nl\\\/fr\\\/winkel\\\/pour-les-voies-respiratoires\\\/accessoires\\\/silvaplex\\\/#primaryimage\"},\"thumbnailUrl\":\"https:\\\/\\\/sportpaardenarts.nl\\\/wp-content\\\/uploads\\\/2019\\\/08\\\/silvaplex.jpg\",\"datePublished\":\"2019-08-21T10:42:12+00:00\",\"dateModified\":\"2026-04-08T05:10:48+00:00\",\"description\":\"SilvaPlex est une solution d'argent ch\u00e9lat\u00e9 qui renforce naturellement le syst\u00e8me immunitaire et favorise la lutte contre les infections respiratoires chez les chevaux\",\"breadcrumb\":{\"@id\":\"https:\\\/\\\/sportpaardenarts.nl\\\/fr\\\/winkel\\\/pour-les-voies-respiratoires\\\/accessoires\\\/silvaplex\\\/#breadcrumb\"},\"inLanguage\":\"fr-FR\",\"potentialAction\":[{\"@type\":\"ReadAction\",\"target\":[\"https:\\\/\\\/sportpaardenarts.nl\\\/fr\\\/winkel\\\/pour-les-voies-respiratoires\\\/accessoires\\\/silvaplex\\\/\"]}]},{\"@type\":\"ImageObject\",\"inLanguage\":\"fr-FR\",\"@id\":\"https:\\\/\\\/sportpaardenarts.nl\\\/fr\\\/winkel\\\/pour-les-voies-respiratoires\\\/accessoires\\\/silvaplex\\\/#primaryimage\",\"url\":\"https:\\\/\\\/sportpaardenarts.nl\\\/wp-content\\\/uploads\\\/2019\\\/08\\\/silvaplex.jpg\",\"contentUrl\":\"https:\\\/\\\/sportpaardenarts.nl\\\/wp-content\\\/uploads\\\/2019\\\/08\\\/silvaplex.jpg\",\"width\":800,\"height\":800},{\"@type\":\"BreadcrumbList\",\"@id\":\"https:\\\/\\\/sportpaardenarts.nl\\\/fr\\\/winkel\\\/pour-les-voies-respiratoires\\\/accessoires\\\/silvaplex\\\/#breadcrumb\",\"itemListElement\":[{\"@type\":\"ListItem\",\"position\":1,\"name\":\"Home\",\"item\":\"https:\\\/\\\/sportpaardenarts.nl\\\/fr\\\/\"},{\"@type\":\"ListItem\",\"position\":2,\"name\":\"Shop\",\"item\":\"https:\\\/\\\/sportpaardenarts.nl\\\/fr\\\/shop\\\/\"},{\"@type\":\"ListItem\",\"position\":3,\"name\":\"SilvaPlex\"}]},{\"@type\":\"WebSite\",\"@id\":\"https:\\\/\\\/sportpaardenarts.nl\\\/fr\\\/#website\",\"url\":\"https:\\\/\\\/sportpaardenarts.nl\\\/fr\\\/\",\"name\":\"Sportpaardenarts\",\"description\":\"Wij verbeteren de prestatie van uw paard\",\"publisher\":{\"@id\":\"https:\\\/\\\/sportpaardenarts.nl\\\/fr\\\/#organization\"},\"potentialAction\":[{\"@type\":\"SearchAction\",\"target\":{\"@type\":\"EntryPoint\",\"urlTemplate\":\"https:\\\/\\\/sportpaardenarts.nl\\\/fr\\\/?s={search_term_string}\"},\"query-input\":{\"@type\":\"PropertyValueSpecification\",\"valueRequired\":true,\"valueName\":\"search_term_string\"}}],\"inLanguage\":\"fr-FR\"},{\"@type\":\"Organization\",\"@id\":\"https:\\\/\\\/sportpaardenarts.nl\\\/fr\\\/#organization\",\"name\":\"Sportpaardenarts\",\"url\":\"https:\\\/\\\/sportpaardenarts.nl\\\/fr\\\/\",\"logo\":{\"@type\":\"ImageObject\",\"inLanguage\":\"fr-FR\",\"@id\":\"https:\\\/\\\/sportpaardenarts.nl\\\/fr\\\/#\\\/schema\\\/logo\\\/image\\\/\",\"url\":\"https:\\\/\\\/sportpaardenarts.nl\\\/wp-content\\\/uploads\\\/2019\\\/08\\\/sportpaardenarts-logo.png\",\"contentUrl\":\"https:\\\/\\\/sportpaardenarts.nl\\\/wp-content\\\/uploads\\\/2019\\\/08\\\/sportpaardenarts-logo.png\",\"width\":245,\"height\":161,\"caption\":\"Sportpaardenarts\"},\"image\":{\"@id\":\"https:\\\/\\\/sportpaardenarts.nl\\\/fr\\\/#\\\/schema\\\/logo\\\/image\\\/\"},\"sameAs\":[\"https:\\\/\\\/www.facebook.com\\\/sportpaardenarts\\\/\"]}]}<\/script>\n<!-- \/ Yoast SEO plugin. -->","yoast_head_json":{"title":"SilvaPlex, argent contre les infections respiratoires chez les chevaux","description":"SilvaPlex est une solution d'argent ch\u00e9lat\u00e9 qui renforce naturellement le syst\u00e8me immunitaire et favorise la lutte contre les infections respiratoires chez les chevaux","robots":{"index":"index","follow":"follow","max-snippet":"max-snippet:-1","max-image-preview":"max-image-preview:large","max-video-preview":"max-video-preview:-1"},"canonical":"https:\/\/sportpaardenarts.nl\/fr\/winkel\/pour-les-voies-respiratoires\/accessoires\/silvaplex\/","og_locale":"fr_FR","og_type":"article","og_title":"SilvaPlex, argent contre les infections respiratoires chez les chevaux","og_description":"SilvaPlex est une solution d'argent ch\u00e9lat\u00e9 qui renforce naturellement le syst\u00e8me immunitaire et favorise la lutte contre les infections respiratoires chez les chevaux","og_url":"https:\/\/sportpaardenarts.nl\/fr\/winkel\/pour-les-voies-respiratoires\/accessoires\/silvaplex\/","og_site_name":"Sportpaardenarts","article_publisher":"https:\/\/www.facebook.com\/sportpaardenarts\/","article_modified_time":"2026-04-08T05:10:48+00:00","og_image":[{"width":800,"height":800,"url":"https:\/\/sportpaardenarts.nl\/wp-content\/uploads\/2019\/08\/silvaplex.jpg","type":"image\/jpeg"}],"twitter_card":"summary_large_image","twitter_misc":{"Dur\u00e9e de lecture estim\u00e9e":"2 minutes"},"schema":{"@context":"https:\/\/schema.org","@graph":[{"@type":"WebPage","@id":"https:\/\/sportpaardenarts.nl\/fr\/winkel\/pour-les-voies-respiratoires\/accessoires\/silvaplex\/","url":"https:\/\/sportpaardenarts.nl\/fr\/winkel\/pour-les-voies-respiratoires\/accessoires\/silvaplex\/","name":"SilvaPlex, argent contre les infections respiratoires chez les chevaux","isPartOf":{"@id":"https:\/\/sportpaardenarts.nl\/fr\/#website"},"primaryImageOfPage":{"@id":"https:\/\/sportpaardenarts.nl\/fr\/winkel\/pour-les-voies-respiratoires\/accessoires\/silvaplex\/#primaryimage"},"image":{"@id":"https:\/\/sportpaardenarts.nl\/fr\/winkel\/pour-les-voies-respiratoires\/accessoires\/silvaplex\/#primaryimage"},"thumbnailUrl":"https:\/\/sportpaardenarts.nl\/wp-content\/uploads\/2019\/08\/silvaplex.jpg","datePublished":"2019-08-21T10:42:12+00:00","dateModified":"2026-04-08T05:10:48+00:00","description":"SilvaPlex est une solution d'argent ch\u00e9lat\u00e9 qui renforce naturellement le syst\u00e8me immunitaire et favorise la lutte contre les infections respiratoires chez les chevaux","breadcrumb":{"@id":"https:\/\/sportpaardenarts.nl\/fr\/winkel\/pour-les-voies-respiratoires\/accessoires\/silvaplex\/#breadcrumb"},"inLanguage":"fr-FR","potentialAction":[{"@type":"ReadAction","target":["https:\/\/sportpaardenarts.nl\/fr\/winkel\/pour-les-voies-respiratoires\/accessoires\/silvaplex\/"]}]},{"@type":"ImageObject","inLanguage":"fr-FR","@id":"https:\/\/sportpaardenarts.nl\/fr\/winkel\/pour-les-voies-respiratoires\/accessoires\/silvaplex\/#primaryimage","url":"https:\/\/sportpaardenarts.nl\/wp-content\/uploads\/2019\/08\/silvaplex.jpg","contentUrl":"https:\/\/sportpaardenarts.nl\/wp-content\/uploads\/2019\/08\/silvaplex.jpg","width":800,"height":800},{"@type":"BreadcrumbList","@id":"https:\/\/sportpaardenarts.nl\/fr\/winkel\/pour-les-voies-respiratoires\/accessoires\/silvaplex\/#breadcrumb","itemListElement":[{"@type":"ListItem","position":1,"name":"Home","item":"https:\/\/sportpaardenarts.nl\/fr\/"},{"@type":"ListItem","position":2,"name":"Shop","item":"https:\/\/sportpaardenarts.nl\/fr\/shop\/"},{"@type":"ListItem","position":3,"name":"SilvaPlex"}]},{"@type":"WebSite","@id":"https:\/\/sportpaardenarts.nl\/fr\/#website","url":"https:\/\/sportpaardenarts.nl\/fr\/","name":"Sportpaardenarts","description":"Wij verbeteren de prestatie van uw paard","publisher":{"@id":"https:\/\/sportpaardenarts.nl\/fr\/#organization"},"potentialAction":[{"@type":"SearchAction","target":{"@type":"EntryPoint","urlTemplate":"https:\/\/sportpaardenarts.nl\/fr\/?s={search_term_string}"},"query-input":{"@type":"PropertyValueSpecification","valueRequired":true,"valueName":"search_term_string"}}],"inLanguage":"fr-FR"},{"@type":"Organization","@id":"https:\/\/sportpaardenarts.nl\/fr\/#organization","name":"Sportpaardenarts","url":"https:\/\/sportpaardenarts.nl\/fr\/","logo":{"@type":"ImageObject","inLanguage":"fr-FR","@id":"https:\/\/sportpaardenarts.nl\/fr\/#\/schema\/logo\/image\/","url":"https:\/\/sportpaardenarts.nl\/wp-content\/uploads\/2019\/08\/sportpaardenarts-logo.png","contentUrl":"https:\/\/sportpaardenarts.nl\/wp-content\/uploads\/2019\/08\/sportpaardenarts-logo.png","width":245,"height":161,"caption":"Sportpaardenarts"},"image":{"@id":"https:\/\/sportpaardenarts.nl\/fr\/#\/schema\/logo\/image\/"},"sameAs":["https:\/\/www.facebook.com\/sportpaardenarts\/"]}]}},"tiered_pricing_type":"fixed","tiered_pricing_fixed_rules":[],"tiered_pricing_product_settings":{"layout":"default","base_unit_name":{"singular":null,"plural":null},"default_variation":null},"tiered_pricing_minimum_quantity":null,"tiered_pricing_roles_data":[],"tiered_pricing_percentage_rules":[],"_links":{"self":[{"href":"https:\/\/sportpaardenarts.nl\/fr\/wp-json\/wp\/v2\/product\/18610","targetHints":{"allow":["GET"]}}],"collection":[{"href":"https:\/\/sportpaardenarts.nl\/fr\/wp-json\/wp\/v2\/product"}],"about":[{"href":"https:\/\/sportpaardenarts.nl\/fr\/wp-json\/wp\/v2\/types\/product"}],"replies":[{"embeddable":true,"href":"https:\/\/sportpaardenarts.nl\/fr\/wp-json\/wp\/v2\/comments?post=18610"}],"wp:featuredmedia":[{"embeddable":true,"href":"https:\/\/sportpaardenarts.nl\/fr\/wp-json\/wp\/v2\/media\/51987"}],"wp:attachment":[{"href":"https:\/\/sportpaardenarts.nl\/fr\/wp-json\/wp\/v2\/media?parent=18610"}],"wp:term":[{"taxonomy":"product_brand","embeddable":true,"href":"https:\/\/sportpaardenarts.nl\/fr\/wp-json\/wp\/v2\/product_brand?post=18610"},{"taxonomy":"product_cat","embeddable":true,"href":"https:\/\/sportpaardenarts.nl\/fr\/wp-json\/wp\/v2\/product_cat?post=18610"},{"taxonomy":"product_tag","embeddable":true,"href":"https:\/\/sportpaardenarts.nl\/fr\/wp-json\/wp\/v2\/product_tag?post=18610"}],"curies":[{"name":"wp","href":"https:\/\/api.w.org\/{rel}","templated":true}]}}